{"id":68,"date":"2023-03-09T02:29:04","date_gmt":"2023-03-09T02:29:04","guid":{"rendered":"https:\/\/demoapus1.com\/nerf\/?page_id=68"},"modified":"2024-11-05T12:40:28","modified_gmt":"2024-11-05T12:40:28","slug":"iletisim","status":"publish","type":"page","link":"https:\/\/www.sonatlibrothers.com\/de\/iletisim\/","title":{"rendered":"KOMMUNIKATION"},"content":{"rendered":"<div data-elementor-type=\"wp-page\" data-elementor-id=\"68\" class=\"elementor elementor-68\">\n\t\t\t\t\t\t<section class=\"elementor-section elementor-top-section elementor-element elementor-element-16eabcb elementor-section-stretched elementor-section-boxed elementor-section-height-default elementor-section-height-default\" data-id=\"16eabcb\" data-element_type=\"section\" data-settings=\"{&quot;stretch_section&quot;:&quot;section-stretched&quot;,&quot;background_background&quot;:&quot;classic&quot;}\">\n\t\t\t\t\t\t<div class=\"elementor-container elementor-column-gap-extended\">\n\t\t\t\t\t<div class=\"elementor-column elementor-col-50 elementor-top-column elementor-element elementor-element-879e1b5 elementor-invisible\" data-id=\"879e1b5\" data-element_type=\"column\" data-settings=\"{&quot;animation&quot;:&quot;slide-up&quot;,&quot;animation_delay&quot;:150}\">\n\t\t\t<div class=\"elementor-widget-wrap elementor-element-populated\">\n\t\t\t\t\t\t<div class=\"elementor-element elementor-element-adf7570 elementor-widget__width-initial elementor-widget elementor-widget-heading\" data-id=\"adf7570\" data-element_type=\"widget\" data-widget_type=\"heading.default\">\n\t\t\t\t<div class=\"elementor-widget-container\">\n\t\t\t<h2 class=\"elementor-heading-title elementor-size-default\"><span class=\"text-theme\">VERTRIEBS<\/span> B\u00dcRO<\/h2>\t\t<\/div>\n\t\t\t\t<\/div>\n\t\t\t\t<div class=\"elementor-element elementor-element-09e0a66 elementor-widget elementor-widget-heading\" data-id=\"09e0a66\" data-element_type=\"widget\" data-widget_type=\"heading.default\">\n\t\t\t\t<div class=\"elementor-widget-container\">\n\t\t\t<h2 class=\"elementor-heading-title elementor-size-default\">ADRESSE<\/h2>\t\t<\/div>\n\t\t\t\t<\/div>\n\t\t\t\t<div class=\"elementor-element elementor-element-7c55a20 elementor-widget elementor-widget-text-editor\" data-id=\"7c55a20\" data-element_type=\"widget\" data-widget_type=\"text-editor.default\">\n\t\t\t\t<div class=\"elementor-widget-container\">\n\t\t\t\t\t\t\t<i class=\"fa fa-home\" aria-hidden=\"true\"><\/i> <a href=\"https:\/\/maps.app.goo.gl\/Pa3MwKkxRH1fL4yq8\" target=\"_blank\" rel=\"noopener\"><div style=\"color:white;\">Karaoglanoglu Cad. Nr.: 75\/F Ye\u015filtepe Alsancak Kyrenia, Zypern<\/div><\/a>\t\t\t\t\t\t<\/div>\n\t\t\t\t<\/div>\n\t\t\t\t<div class=\"elementor-element elementor-element-3ba887e elementor-widget elementor-widget-heading\" data-id=\"3ba887e\" data-element_type=\"widget\" data-widget_type=\"heading.default\">\n\t\t\t\t<div class=\"elementor-widget-container\">\n\t\t\t<h2 class=\"elementor-heading-title elementor-size-default\">TELEFON<\/h2>\t\t<\/div>\n\t\t\t\t<\/div>\n\t\t\t\t<div class=\"elementor-element elementor-element-4f972da elementor-widget elementor-widget-text-editor\" data-id=\"4f972da\" data-element_type=\"widget\" data-widget_type=\"text-editor.default\">\n\t\t\t\t<div class=\"elementor-widget-container\">\n\t\t\t\t\t\t\t<p><i class=\"fa fa-phone\" aria-hidden=\"true\"><\/i>+90 533 847 11 11\u00a0 \u00a0+90 539 130 11 11<\/p>\t\t\t\t\t\t<\/div>\n\t\t\t\t<\/div>\n\t\t\t\t<div class=\"elementor-element elementor-element-5a0416e elementor-widget elementor-widget-heading\" data-id=\"5a0416e\" data-element_type=\"widget\" data-widget_type=\"heading.default\">\n\t\t\t\t<div class=\"elementor-widget-container\">\n\t\t\t<h2 class=\"elementor-heading-title elementor-size-default\">EMAIL<\/h2>\t\t<\/div>\n\t\t\t\t<\/div>\n\t\t\t\t<div class=\"elementor-element elementor-element-93bf6ae elementor-widget elementor-widget-text-editor\" data-id=\"93bf6ae\" data-element_type=\"widget\" data-widget_type=\"text-editor.default\">\n\t\t\t\t<div class=\"elementor-widget-container\">\n\t\t\t\t\t\t\t<p><i class=\"fa fa-envelope\" aria-hidden=\"true\"><\/i>\u00a0sales@sonatlibrothers.com<\/p>\t\t\t\t\t\t<\/div>\n\t\t\t\t<\/div>\n\t\t\t\t<div class=\"elementor-element elementor-element-81726c6 elementor-widget elementor-widget-heading\" data-id=\"81726c6\" data-element_type=\"widget\" data-widget_type=\"heading.default\">\n\t\t\t\t<div class=\"elementor-widget-container\">\n\t\t\t<h2 class=\"elementor-heading-title elementor-size-default\">ARBEITSZEIT<\/h2>\t\t<\/div>\n\t\t\t\t<\/div>\n\t\t\t\t<div class=\"elementor-element elementor-element-fcc7c7c elementor-widget elementor-widget-text-editor\" data-id=\"fcc7c7c\" data-element_type=\"widget\" data-widget_type=\"text-editor.default\">\n\t\t\t\t<div class=\"elementor-widget-container\">\n\t\t\t\t\t\t\t08.00 \u2013 17.00 Uhr\t\t\t\t\t\t<\/div>\n\t\t\t\t<\/div>\n\t\t\t\t\t<\/div>\n\t\t<\/div>\n\t\t\t\t<div class=\"elementor-column elementor-col-50 elementor-top-column elementor-element elementor-element-8166310\" data-id=\"8166310\" data-element_type=\"column\">\n\t\t\t<div class=\"elementor-widget-wrap elementor-element-populated\">\n\t\t\t\t\t\t<div class=\"elementor-element elementor-element-8e3eab0 elementor-widget__width-initial elementor-widget elementor-widget-heading\" data-id=\"8e3eab0\" data-element_type=\"widget\" data-widget_type=\"heading.default\">\n\t\t\t\t<div class=\"elementor-widget-container\">\n\t\t\t<h2 class=\"elementor-heading-title elementor-size-default\"><span class=\"text-theme\">KONTAKT<\/span> FORMULAR<\/h2>\t\t<\/div>\n\t\t\t\t<\/div>\n\t\t\t\t<div class=\"elementor-element elementor-element-79462be elementor-widget__width-initial elementor-invisible elementor-widget elementor-widget-shortcode\" data-id=\"79462be\" data-element_type=\"widget\" data-settings=\"{&quot;_animation&quot;:&quot;scale&quot;}\" data-widget_type=\"shortcode.default\">\n\t\t\t\t<div class=\"elementor-widget-container\">\n\t\t\t\t\t<div class=\"elementor-shortcode\">\n<div class=\"wpcf7 no-js\" id=\"wpcf7-f194-o1\" lang=\"en-US\" dir=\"ltr\" data-wpcf7-id=\"194\">\n<div class=\"screen-reader-response\"><p role=\"status\" aria-live=\"polite\" aria-atomic=\"true\"><\/p> <ul><\/ul><\/div>\n<form action=\"\/de\/wp-json\/wp\/v2\/pages\/68#wpcf7-f194-o1\" method=\"post\" class=\"wpcf7-form init\" aria-label=\"Contact form\" novalidate=\"novalidate\" data-status=\"init\" data-trp-original-action=\"\/de\/wp-json\/wp\/v2\/pages\/68#wpcf7-f194-o1\">\n<div style=\"display: none;\">\n<input type=\"hidden\" name=\"_wpcf7\" value=\"194\" \/>\n<input type=\"hidden\" name=\"_wpcf7_version\" value=\"6.0.5\" \/>\n<input type=\"hidden\" name=\"_wpcf7_locale\" value=\"en_US\" \/>\n<input type=\"hidden\" name=\"_wpcf7_unit_tag\" value=\"wpcf7-f194-o1\" \/>\n<input type=\"hidden\" name=\"_wpcf7_container_post\" value=\"0\" \/>\n<input type=\"hidden\" name=\"_wpcf7_posted_data_hash\" value=\"\" \/>\n<\/div>\n<p><label>NAME UND NACHNAME<\/label><span class=\"wpcf7-form-control-wrap\" data-name=\"your-name\"><input size=\"40\" maxlength=\"400\" class=\"wpcf7-form-control wpcf7-text wpcf7-validates-as-required form-control\" autocomplete=\"name\" aria-required=\"true\" aria-invalid=\"false\" value=\"\" type=\"text\" name=\"your-name\" \/><\/span><label>Telefon<\/label><span class=\"wpcf7-form-control-wrap\" data-name=\"your-phone\"><input size=\"40\" maxlength=\"400\" class=\"wpcf7-form-control wpcf7-text wpcf7-validates-as-required form-control\" aria-required=\"true\" aria-invalid=\"false\" value=\"\" type=\"text\" name=\"your-phone\" \/><\/span><label>EMAIL<\/label><span class=\"wpcf7-form-control-wrap\" data-name=\"your-email\"><input size=\"40\" maxlength=\"400\" class=\"wpcf7-form-control wpcf7-email wpcf7-validates-as-required wpcf7-text wpcf7-validates-as-email form-control m-0\" autocomplete=\"email\" aria-required=\"true\" aria-invalid=\"false\" value=\"\" type=\"email\" name=\"your-email\" \/><\/span><button class=\"btn btn-theme w-100\" type=\"submit\">Formular abschicken<\/button>\n<\/p><div class=\"wpcf7-response-output\" aria-hidden=\"true\"><\/div>\n<input type=\"hidden\" name=\"trp-form-language\" value=\"de\"\/><\/form>\n<\/div>\n<\/div>\n\t\t\t\t<\/div>\n\t\t\t\t<\/div>\n\t\t\t\t\t<\/div>\n\t\t<\/div>\n\t\t\t\t\t<\/div>\n\t\t<\/section>\n\t\t\t\t<\/div>","protected":false},"excerpt":{"rendered":"<p>SATI\u015e OF\u0130S\u0130 ADRES Karao\u011flano\u011flu Cad. No: 75\/F Ye\u015filtepe Alsancak Girne, K\u0131br\u0131s TELEFON +90 533 847 11 11\u00a0 \u00a0+90 539 130 11 11 E-Mail \u00a0sales@sonatlibrothers.com \u00c7al\u0131\u015fma Saatleri 08.00 \u2013 17.00 \u0130LET\u0130\u015e\u0130M FORMU<\/p>","protected":false},"author":1,"featured_media":0,"parent":0,"menu_order":0,"comment_status":"closed","ping_status":"closed","template":"","meta":{"inline_featured_image":false,"_joinchat":[],"footnotes":""},"class_list":["post-68","page","type-page","status-publish","hentry"],"yoast_head":"<!-- This site is optimized with the Yoast SEO plugin v24.8.1 - https:\/\/yoast.com\/wordpress\/plugins\/seo\/ -->\n<title>\u0130leti\u015fim - Sonatl\u0131 Brothers<\/title>\n<meta name=\"description\" content=\"\u0130leti\u015fim - Sonatl\u0131 Brothers\" \/>\n<meta name=\"robots\" content=\"index, follow, max-snippet:-1, max-image-preview:large, max-video-preview:-1\" \/>\n<link rel=\"canonical\" href=\"https:\/\/www.sonatlibrothers.com\/de\/iletisim\/\" \/>\n<meta property=\"og:locale\" content=\"de_DE\" \/>\n<meta property=\"og:type\" content=\"article\" \/>\n<meta property=\"og:title\" content=\"\u0130leti\u015fim - Sonatl\u0131 Brothers\" \/>\n<meta property=\"og:description\" content=\"\u0130leti\u015fim - Sonatl\u0131 Brothers\" \/>\n<meta property=\"og:url\" content=\"https:\/\/www.sonatlibrothers.com\/de\/iletisim\/\" \/>\n<meta property=\"og:site_name\" content=\"Sonatl\u0131 Brothers\" \/>\n<meta property=\"article:modified_time\" content=\"2024-11-05T12:40:28+00:00\" \/>\n<meta name=\"twitter:card\" content=\"summary_large_image\" \/>\n<meta name=\"twitter:label1\" content=\"Gesch\u00e4tzte Lesezeit\" \/>\n\t<meta name=\"twitter:data1\" content=\"1\u00a0Minute\" \/>\n<script type=\"application\/ld+json\" class=\"yoast-schema-graph\">{\"@context\":\"https:\/\/schema.org\",\"@graph\":[{\"@type\":\"WebPage\",\"@id\":\"https:\/\/www.sonatlibrothers.com\/iletisim\/\",\"url\":\"https:\/\/www.sonatlibrothers.com\/iletisim\/\",\"name\":\"\u0130leti\u015fim - Sonatl\u0131 Brothers\",\"isPartOf\":{\"@id\":\"https:\/\/www.sonatlibrothers.com\/#website\"},\"datePublished\":\"2023-03-09T02:29:04+00:00\",\"dateModified\":\"2024-11-05T12:40:28+00:00\",\"description\":\"\u0130leti\u015fim - Sonatl\u0131 Brothers\",\"breadcrumb\":{\"@id\":\"https:\/\/www.sonatlibrothers.com\/iletisim\/#breadcrumb\"},\"inLanguage\":\"de\",\"potentialAction\":[{\"@type\":\"ReadAction\",\"target\":[\"https:\/\/www.sonatlibrothers.com\/iletisim\/\"]}]},{\"@type\":\"BreadcrumbList\",\"@id\":\"https:\/\/www.sonatlibrothers.com\/iletisim\/#breadcrumb\",\"itemListElement\":[{\"@type\":\"ListItem\",\"position\":1,\"name\":\"Anasayfa\",\"item\":\"https:\/\/www.sonatlibrothers.com\/\"},{\"@type\":\"ListItem\",\"position\":2,\"name\":\"\u0130leti\u015fim\"}]},{\"@type\":\"WebSite\",\"@id\":\"https:\/\/www.sonatlibrothers.com\/#website\",\"url\":\"https:\/\/www.sonatlibrothers.com\/\",\"name\":\"Sonatl\u0131 Brothers - K\u0131br\u0131s\",\"description\":\"Sonatl\u0131 Brothers - K\u0131br\u0131s\",\"publisher\":{\"@id\":\"https:\/\/www.sonatlibrothers.com\/#organization\"},\"potentialAction\":[{\"@type\":\"SearchAction\",\"target\":{\"@type\":\"EntryPoint\",\"urlTemplate\":\"https:\/\/www.sonatlibrothers.com\/?s={search_term_string}\"},\"query-input\":{\"@type\":\"PropertyValueSpecification\",\"valueRequired\":true,\"valueName\":\"search_term_string\"}}],\"inLanguage\":\"de\"},{\"@type\":\"Organization\",\"@id\":\"https:\/\/www.sonatlibrothers.com\/#organization\",\"name\":\"Sonatl\u0131 Brothers\",\"url\":\"https:\/\/www.sonatlibrothers.com\/\",\"logo\":{\"@type\":\"ImageObject\",\"inLanguage\":\"de\",\"@id\":\"https:\/\/www.sonatlibrothers.com\/#\/schema\/logo\/image\/\",\"url\":\"https:\/\/www.sonatlibrothers.com\/wp-content\/uploads\/2024\/03\/Sonatli-Brothers_Logo-1-1.png\",\"contentUrl\":\"https:\/\/www.sonatlibrothers.com\/wp-content\/uploads\/2024\/03\/Sonatli-Brothers_Logo-1-1.png\",\"width\":600,\"height\":351,\"caption\":\"Sonatl\u0131 Brothers\"},\"image\":{\"@id\":\"https:\/\/www.sonatlibrothers.com\/#\/schema\/logo\/image\/\"}}]}<\/script>\n<!-- \/ Yoast SEO plugin. -->","yoast_head_json":{"title":"\u0130leti\u015fim - Sonatl\u0131 Brothers","description":"\u0130leti\u015fim - Sonatl\u0131 Brothers","robots":{"index":"index","follow":"follow","max-snippet":"max-snippet:-1","max-image-preview":"max-image-preview:large","max-video-preview":"max-video-preview:-1"},"canonical":"https:\/\/www.sonatlibrothers.com\/de\/iletisim\/","og_locale":"de_DE","og_type":"article","og_title":"\u0130leti\u015fim - Sonatl\u0131 Brothers","og_description":"\u0130leti\u015fim - Sonatl\u0131 Brothers","og_url":"https:\/\/www.sonatlibrothers.com\/de\/iletisim\/","og_site_name":"Sonatl\u0131 Brothers","article_modified_time":"2024-11-05T12:40:28+00:00","twitter_card":"summary_large_image","twitter_misc":{"Gesch\u00e4tzte Lesezeit":"1\u00a0Minute"},"schema":{"@context":"https:\/\/schema.org","@graph":[{"@type":"WebPage","@id":"https:\/\/www.sonatlibrothers.com\/iletisim\/","url":"https:\/\/www.sonatlibrothers.com\/iletisim\/","name":"\u0130leti\u015fim - Sonatl\u0131 Brothers","isPartOf":{"@id":"https:\/\/www.sonatlibrothers.com\/#website"},"datePublished":"2023-03-09T02:29:04+00:00","dateModified":"2024-11-05T12:40:28+00:00","description":"\u0130leti\u015fim - Sonatl\u0131 Brothers","breadcrumb":{"@id":"https:\/\/www.sonatlibrothers.com\/iletisim\/#breadcrumb"},"inLanguage":"de","potentialAction":[{"@type":"ReadAction","target":["https:\/\/www.sonatlibrothers.com\/iletisim\/"]}]},{"@type":"BreadcrumbList","@id":"https:\/\/www.sonatlibrothers.com\/iletisim\/#breadcrumb","itemListElement":[{"@type":"ListItem","position":1,"name":"Anasayfa","item":"https:\/\/www.sonatlibrothers.com\/"},{"@type":"ListItem","position":2,"name":"\u0130leti\u015fim"}]},{"@type":"WebSite","@id":"https:\/\/www.sonatlibrothers.com\/#website","url":"https:\/\/www.sonatlibrothers.com\/","name":"Sonatl\u0131 Brothers - K\u0131br\u0131s","description":"Sonatl\u0131 Brothers - K\u0131br\u0131s","publisher":{"@id":"https:\/\/www.sonatlibrothers.com\/#organization"},"potentialAction":[{"@type":"SearchAction","target":{"@type":"EntryPoint","urlTemplate":"https:\/\/www.sonatlibrothers.com\/?s={search_term_string}"},"query-input":{"@type":"PropertyValueSpecification","valueRequired":true,"valueName":"search_term_string"}}],"inLanguage":"de"},{"@type":"Organization","@id":"https:\/\/www.sonatlibrothers.com\/#organization","name":"Sonatl\u0131 Brothers","url":"https:\/\/www.sonatlibrothers.com\/","logo":{"@type":"ImageObject","inLanguage":"de","@id":"https:\/\/www.sonatlibrothers.com\/#\/schema\/logo\/image\/","url":"https:\/\/www.sonatlibrothers.com\/wp-content\/uploads\/2024\/03\/Sonatli-Brothers_Logo-1-1.png","contentUrl":"https:\/\/www.sonatlibrothers.com\/wp-content\/uploads\/2024\/03\/Sonatli-Brothers_Logo-1-1.png","width":600,"height":351,"caption":"Sonatl\u0131 Brothers"},"image":{"@id":"https:\/\/www.sonatlibrothers.com\/#\/schema\/logo\/image\/"}}]}},"_links":{"self":[{"href":"https:\/\/www.sonatlibrothers.com\/de\/wp-json\/wp\/v2\/pages\/68","targetHints":{"allow":["GET"]}}],"collection":[{"href":"https:\/\/www.sonatlibrothers.com\/de\/wp-json\/wp\/v2\/pages"}],"about":[{"href":"https:\/\/www.sonatlibrothers.com\/de\/wp-json\/wp\/v2\/types\/page"}],"author":[{"embeddable":true,"href":"https:\/\/www.sonatlibrothers.com\/de\/wp-json\/wp\/v2\/users\/1"}],"replies":[{"embeddable":true,"href":"https:\/\/www.sonatlibrothers.com\/de\/wp-json\/wp\/v2\/comments?post=68"}],"version-history":[{"count":67,"href":"https:\/\/www.sonatlibrothers.com\/de\/wp-json\/wp\/v2\/pages\/68\/revisions"}],"predecessor-version":[{"id":6405,"href":"https:\/\/www.sonatlibrothers.com\/de\/wp-json\/wp\/v2\/pages\/68\/revisions\/6405"}],"wp:attachment":[{"href":"https:\/\/www.sonatlibrothers.com\/de\/wp-json\/wp\/v2\/media?parent=68"}],"curies":[{"name":"wp","href":"https:\/\/api.w.org\/{rel}","templated":true}]}}