{"id":6298,"date":"2024-07-29T09:33:47","date_gmt":"2024-07-29T09:33:47","guid":{"rendered":"https:\/\/www.sonatlibrothers.com\/?page_id=6298"},"modified":"2024-07-29T09:34:31","modified_gmt":"2024-07-29T09:34:31","slug":"kataloglar","status":"publish","type":"page","link":"https:\/\/www.sonatlibrothers.com\/en\/kataloglar\/","title":{"rendered":"CATALOGS"},"content":{"rendered":"<div data-elementor-type=\"wp-page\" data-elementor-id=\"6298\" class=\"elementor elementor-6298\">\n\t\t\t\t<div class=\"elementor-element elementor-element-1d2ac385 e-flex e-con-boxed e-con e-parent\" data-id=\"1d2ac385\" data-element_type=\"container\">\n\t\t\t\t\t<div class=\"e-con-inner\">\n\t\t<div class=\"elementor-element elementor-element-6d8a85f7 e-con-full e-flex e-con e-child\" data-id=\"6d8a85f7\" data-element_type=\"container\">\n\t\t\t\t<div class=\"elementor-element elementor-element-54e51c6a elementor-widget elementor-widget-image\" data-id=\"54e51c6a\" data-element_type=\"widget\" data-widget_type=\"image.default\">\n\t\t\t\t<div class=\"elementor-widget-container\">\n\t\t\t\t\t\t\t\t\t\t\t\t\t\t<a href=\"https:\/\/www.sonatlibrothers.com\/en\/karmi-viewpoint-digital-catalog-tr-en\/\">\n\t\t\t\t\t\t\t<img fetchpriority=\"high\" decoding=\"async\" width=\"800\" height=\"800\" src=\"https:\/\/www.sonatlibrothers.com\/wp-content\/uploads\/2024\/07\/karm.jpg\" class=\"attachment-full size-full wp-image-6241\" alt=\"\" srcset=\"https:\/\/www.sonatlibrothers.com\/wp-content\/uploads\/2024\/07\/karm.jpg 800w, https:\/\/www.sonatlibrothers.com\/wp-content\/uploads\/2024\/07\/karm-300x300.jpg 300w, https:\/\/www.sonatlibrothers.com\/wp-content\/uploads\/2024\/07\/karm-150x150.jpg 150w, https:\/\/www.sonatlibrothers.com\/wp-content\/uploads\/2024\/07\/karm-768x768.jpg 768w, https:\/\/www.sonatlibrothers.com\/wp-content\/uploads\/2024\/07\/karm-12x12.jpg 12w\" sizes=\"(max-width: 800px) 100vw, 800px\" \/>\t\t\t\t\t\t\t\t<\/a>\n\t\t\t\t\t\t\t\t\t\t\t\t\t<\/div>\n\t\t\t\t<\/div>\n\t\t\t\t<div class=\"elementor-element elementor-element-9fc4905 elementor-widget elementor-widget-heading\" data-id=\"9fc4905\" data-element_type=\"widget\" data-widget_type=\"heading.default\">\n\t\t\t\t<div class=\"elementor-widget-container\">\n\t\t\t<h5 class=\"elementor-heading-title elementor-size-default\">Karmi Viewpoint Digital Catalog - <br>TR &amp; EN<\/h5>\t\t<\/div>\n\t\t\t\t<\/div>\n\t\t\t\t<\/div>\n\t\t<div class=\"elementor-element elementor-element-34102fca e-con-full e-flex e-con e-child\" data-id=\"34102fca\" data-element_type=\"container\">\n\t\t\t\t<div class=\"elementor-element elementor-element-620a0f3f elementor-widget elementor-widget-image\" data-id=\"620a0f3f\" data-element_type=\"widget\" data-widget_type=\"image.default\">\n\t\t\t\t<div class=\"elementor-widget-container\">\n\t\t\t\t\t\t\t\t\t\t\t\t\t\t<a href=\"https:\/\/www.sonatlibrothers.com\/en\/karmi-viewpoint-digital-catalog-de-ru\/\">\n\t\t\t\t\t\t\t<img decoding=\"async\" width=\"800\" height=\"800\" src=\"https:\/\/www.sonatlibrothers.com\/wp-content\/uploads\/2024\/07\/rusca.jpg\" class=\"attachment-full size-full wp-image-6266\" alt=\"\" srcset=\"https:\/\/www.sonatlibrothers.com\/wp-content\/uploads\/2024\/07\/rusca.jpg 800w, https:\/\/www.sonatlibrothers.com\/wp-content\/uploads\/2024\/07\/rusca-300x300.jpg 300w, https:\/\/www.sonatlibrothers.com\/wp-content\/uploads\/2024\/07\/rusca-150x150.jpg 150w, https:\/\/www.sonatlibrothers.com\/wp-content\/uploads\/2024\/07\/rusca-768x768.jpg 768w, https:\/\/www.sonatlibrothers.com\/wp-content\/uploads\/2024\/07\/rusca-12x12.jpg 12w\" sizes=\"(max-width: 800px) 100vw, 800px\" \/>\t\t\t\t\t\t\t\t<\/a>\n\t\t\t\t\t\t\t\t\t\t\t\t\t<\/div>\n\t\t\t\t<\/div>\n\t\t\t\t<div class=\"elementor-element elementor-element-1a74aaa elementor-widget elementor-widget-heading\" data-id=\"1a74aaa\" data-element_type=\"widget\" data-widget_type=\"heading.default\">\n\t\t\t\t<div class=\"elementor-widget-container\">\n\t\t\t<h5 class=\"elementor-heading-title elementor-size-default\">Karmi Viewpoint Digital Catalog - <br>DE &amp; RU<\/h5>\t\t<\/div>\n\t\t\t\t<\/div>\n\t\t\t\t<\/div>\n\t\t<div class=\"elementor-element elementor-element-3518ee5 e-con-full e-flex e-con e-child\" data-id=\"3518ee5\" data-element_type=\"container\">\n\t\t\t\t<div class=\"elementor-element elementor-element-35e8c440 elementor-widget elementor-widget-image\" data-id=\"35e8c440\" data-element_type=\"widget\" data-widget_type=\"image.default\">\n\t\t\t\t<div class=\"elementor-widget-container\">\n\t\t\t\t\t\t\t\t\t\t\t\t\t\t<a href=\"https:\/\/www.sonatlibrothers.com\/en\/dcentral-digital-catalog-tr-en\/\">\n\t\t\t\t\t\t\t<img decoding=\"async\" width=\"800\" height=\"800\" src=\"https:\/\/www.sonatlibrothers.com\/wp-content\/uploads\/2024\/07\/turkce-1.jpg\" class=\"attachment-full size-full wp-image-6278\" alt=\"\" srcset=\"https:\/\/www.sonatlibrothers.com\/wp-content\/uploads\/2024\/07\/turkce-1.jpg 800w, https:\/\/www.sonatlibrothers.com\/wp-content\/uploads\/2024\/07\/turkce-1-300x300.jpg 300w, https:\/\/www.sonatlibrothers.com\/wp-content\/uploads\/2024\/07\/turkce-1-150x150.jpg 150w, https:\/\/www.sonatlibrothers.com\/wp-content\/uploads\/2024\/07\/turkce-1-768x768.jpg 768w, https:\/\/www.sonatlibrothers.com\/wp-content\/uploads\/2024\/07\/turkce-1-12x12.jpg 12w\" sizes=\"(max-width: 800px) 100vw, 800px\" \/>\t\t\t\t\t\t\t\t<\/a>\n\t\t\t\t\t\t\t\t\t\t\t\t\t<\/div>\n\t\t\t\t<\/div>\n\t\t\t\t<div class=\"elementor-element elementor-element-4399b131 elementor-widget elementor-widget-heading\" data-id=\"4399b131\" data-element_type=\"widget\" data-widget_type=\"heading.default\">\n\t\t\t\t<div class=\"elementor-widget-container\">\n\t\t\t<h5 class=\"elementor-heading-title elementor-size-default\">Dcentral Digital Catalog - <br>TR &amp; EN<\/h5>\t\t<\/div>\n\t\t\t\t<\/div>\n\t\t\t\t<\/div>\n\t\t<div class=\"elementor-element elementor-element-6eee501f e-con-full e-flex e-con e-child\" data-id=\"6eee501f\" data-element_type=\"container\">\n\t\t\t\t<div class=\"elementor-element elementor-element-1003f6b4 elementor-widget elementor-widget-image\" data-id=\"1003f6b4\" data-element_type=\"widget\" data-widget_type=\"image.default\">\n\t\t\t\t<div class=\"elementor-widget-container\">\n\t\t\t\t\t\t\t\t\t\t\t\t\t\t<a href=\"https:\/\/www.sonatlibrothers.com\/en\/dcentral-digital-catalog-de-ru\/\">\n\t\t\t\t\t\t\t<img loading=\"lazy\" decoding=\"async\" width=\"800\" height=\"800\" src=\"https:\/\/www.sonatlibrothers.com\/wp-content\/uploads\/2024\/07\/Untitled-1.jpg\" class=\"attachment-full size-full wp-image-6024\" alt=\"\" srcset=\"https:\/\/www.sonatlibrothers.com\/wp-content\/uploads\/2024\/07\/Untitled-1.jpg 800w, https:\/\/www.sonatlibrothers.com\/wp-content\/uploads\/2024\/07\/Untitled-1-300x300.jpg 300w, https:\/\/www.sonatlibrothers.com\/wp-content\/uploads\/2024\/07\/Untitled-1-150x150.jpg 150w, https:\/\/www.sonatlibrothers.com\/wp-content\/uploads\/2024\/07\/Untitled-1-768x768.jpg 768w, https:\/\/www.sonatlibrothers.com\/wp-content\/uploads\/2024\/07\/Untitled-1-12x12.jpg 12w\" sizes=\"(max-width: 800px) 100vw, 800px\" \/>\t\t\t\t\t\t\t\t<\/a>\n\t\t\t\t\t\t\t\t\t\t\t\t\t<\/div>\n\t\t\t\t<\/div>\n\t\t\t\t<div class=\"elementor-element elementor-element-5f00c3e1 elementor-widget elementor-widget-heading\" data-id=\"5f00c3e1\" data-element_type=\"widget\" data-widget_type=\"heading.default\">\n\t\t\t\t<div class=\"elementor-widget-container\">\n\t\t\t<h5 class=\"elementor-heading-title elementor-size-default\">Dcentral Digital Catalog - <br>DE &amp; RU<\/h5>\t\t<\/div>\n\t\t\t\t<\/div>\n\t\t\t\t<\/div>\n\t\t\t\t\t<\/div>\n\t\t\t\t<\/div>\n\t\t\t\t<\/div>","protected":false},"excerpt":{"rendered":"<p>Karmi Viewpoint Digital Catalog &#8211; TR &#038; EN Karmi Viewpoint Digital Catalog &#8211; DE &#038; RU Dcentral Digital Catalog &#8211; TR &#038; EN Dcentral Digital Catalog &#8211; DE &#038; RU<\/p>","protected":false},"author":1,"featured_media":0,"parent":0,"menu_order":0,"comment_status":"closed","ping_status":"closed","template":"","meta":{"inline_featured_image":false,"_joinchat":[],"footnotes":""},"class_list":["post-6298","page","type-page","status-publish","hentry"],"yoast_head":"<!-- This site is optimized with the Yoast SEO plugin v24.8.1 - https:\/\/yoast.com\/wordpress\/plugins\/seo\/ -->\n<title>Kataloglar - Sonatl\u0131 Brothers<\/title>\n<meta name=\"description\" content=\"Kataloglar - Sonatl\u0131 Brothers\" \/>\n<meta name=\"robots\" content=\"index, follow, max-snippet:-1, max-image-preview:large, max-video-preview:-1\" \/>\n<link rel=\"canonical\" href=\"https:\/\/www.sonatlibrothers.com\/en\/kataloglar\/\" \/>\n<meta property=\"og:locale\" content=\"en_US\" \/>\n<meta property=\"og:type\" content=\"article\" \/>\n<meta property=\"og:title\" content=\"Kataloglar - Sonatl\u0131 Brothers\" \/>\n<meta property=\"og:description\" content=\"Kataloglar - Sonatl\u0131 Brothers\" \/>\n<meta property=\"og:url\" content=\"https:\/\/www.sonatlibrothers.com\/en\/kataloglar\/\" \/>\n<meta property=\"og:site_name\" content=\"Sonatl\u0131 Brothers\" \/>\n<meta property=\"article:modified_time\" content=\"2024-07-29T09:34:31+00:00\" \/>\n<meta property=\"og:image\" content=\"http:\/\/www.sonatlibrothers.com\/wp-content\/uploads\/2024\/07\/karm.jpg\" \/>\n<meta name=\"twitter:card\" content=\"summary_large_image\" \/>\n<meta name=\"twitter:label1\" content=\"Est. reading time\" \/>\n\t<meta name=\"twitter:data1\" content=\"2 minutes\" \/>\n<script type=\"application\/ld+json\" class=\"yoast-schema-graph\">{\"@context\":\"https:\/\/schema.org\",\"@graph\":[{\"@type\":\"WebPage\",\"@id\":\"https:\/\/www.sonatlibrothers.com\/kataloglar\/\",\"url\":\"https:\/\/www.sonatlibrothers.com\/kataloglar\/\",\"name\":\"Kataloglar - Sonatl\u0131 Brothers\",\"isPartOf\":{\"@id\":\"https:\/\/www.sonatlibrothers.com\/#website\"},\"primaryImageOfPage\":{\"@id\":\"https:\/\/www.sonatlibrothers.com\/kataloglar\/#primaryimage\"},\"image\":{\"@id\":\"https:\/\/www.sonatlibrothers.com\/kataloglar\/#primaryimage\"},\"thumbnailUrl\":\"http:\/\/www.sonatlibrothers.com\/wp-content\/uploads\/2024\/07\/karm.jpg\",\"datePublished\":\"2024-07-29T09:33:47+00:00\",\"dateModified\":\"2024-07-29T09:34:31+00:00\",\"description\":\"Kataloglar - Sonatl\u0131 Brothers\",\"breadcrumb\":{\"@id\":\"https:\/\/www.sonatlibrothers.com\/kataloglar\/#breadcrumb\"},\"inLanguage\":\"en-US\",\"potentialAction\":[{\"@type\":\"ReadAction\",\"target\":[\"https:\/\/www.sonatlibrothers.com\/kataloglar\/\"]}]},{\"@type\":\"ImageObject\",\"inLanguage\":\"en-US\",\"@id\":\"https:\/\/www.sonatlibrothers.com\/kataloglar\/#primaryimage\",\"url\":\"http:\/\/www.sonatlibrothers.com\/wp-content\/uploads\/2024\/07\/karm.jpg\",\"contentUrl\":\"http:\/\/www.sonatlibrothers.com\/wp-content\/uploads\/2024\/07\/karm.jpg\"},{\"@type\":\"BreadcrumbList\",\"@id\":\"https:\/\/www.sonatlibrothers.com\/kataloglar\/#breadcrumb\",\"itemListElement\":[{\"@type\":\"ListItem\",\"position\":1,\"name\":\"Anasayfa\",\"item\":\"https:\/\/www.sonatlibrothers.com\/\"},{\"@type\":\"ListItem\",\"position\":2,\"name\":\"Kataloglar\"}]},{\"@type\":\"WebSite\",\"@id\":\"https:\/\/www.sonatlibrothers.com\/#website\",\"url\":\"https:\/\/www.sonatlibrothers.com\/\",\"name\":\"Sonatl\u0131 Brothers - K\u0131br\u0131s\",\"description\":\"Sonatl\u0131 Brothers - K\u0131br\u0131s\",\"publisher\":{\"@id\":\"https:\/\/www.sonatlibrothers.com\/#organization\"},\"potentialAction\":[{\"@type\":\"SearchAction\",\"target\":{\"@type\":\"EntryPoint\",\"urlTemplate\":\"https:\/\/www.sonatlibrothers.com\/?s={search_term_string}\"},\"query-input\":{\"@type\":\"PropertyValueSpecification\",\"valueRequired\":true,\"valueName\":\"search_term_string\"}}],\"inLanguage\":\"en-US\"},{\"@type\":\"Organization\",\"@id\":\"https:\/\/www.sonatlibrothers.com\/#organization\",\"name\":\"Sonatl\u0131 Brothers\",\"url\":\"https:\/\/www.sonatlibrothers.com\/\",\"logo\":{\"@type\":\"ImageObject\",\"inLanguage\":\"en-US\",\"@id\":\"https:\/\/www.sonatlibrothers.com\/#\/schema\/logo\/image\/\",\"url\":\"https:\/\/www.sonatlibrothers.com\/wp-content\/uploads\/2024\/03\/Sonatli-Brothers_Logo-1-1.png\",\"contentUrl\":\"https:\/\/www.sonatlibrothers.com\/wp-content\/uploads\/2024\/03\/Sonatli-Brothers_Logo-1-1.png\",\"width\":600,\"height\":351,\"caption\":\"Sonatl\u0131 Brothers\"},\"image\":{\"@id\":\"https:\/\/www.sonatlibrothers.com\/#\/schema\/logo\/image\/\"}}]}<\/script>\n<!-- \/ Yoast SEO plugin. -->","yoast_head_json":{"title":"Kataloglar - Sonatl\u0131 Brothers","description":"Kataloglar - Sonatl\u0131 Brothers","robots":{"index":"index","follow":"follow","max-snippet":"max-snippet:-1","max-image-preview":"max-image-preview:large","max-video-preview":"max-video-preview:-1"},"canonical":"https:\/\/www.sonatlibrothers.com\/en\/kataloglar\/","og_locale":"en_US","og_type":"article","og_title":"Kataloglar - Sonatl\u0131 Brothers","og_description":"Kataloglar - Sonatl\u0131 Brothers","og_url":"https:\/\/www.sonatlibrothers.com\/en\/kataloglar\/","og_site_name":"Sonatl\u0131 Brothers","article_modified_time":"2024-07-29T09:34:31+00:00","og_image":[{"url":"http:\/\/www.sonatlibrothers.com\/wp-content\/uploads\/2024\/07\/karm.jpg","type":"","width":"","height":""}],"twitter_card":"summary_large_image","twitter_misc":{"Est. reading time":"2 minutes"},"schema":{"@context":"https:\/\/schema.org","@graph":[{"@type":"WebPage","@id":"https:\/\/www.sonatlibrothers.com\/kataloglar\/","url":"https:\/\/www.sonatlibrothers.com\/kataloglar\/","name":"Kataloglar - Sonatl\u0131 Brothers","isPartOf":{"@id":"https:\/\/www.sonatlibrothers.com\/#website"},"primaryImageOfPage":{"@id":"https:\/\/www.sonatlibrothers.com\/kataloglar\/#primaryimage"},"image":{"@id":"https:\/\/www.sonatlibrothers.com\/kataloglar\/#primaryimage"},"thumbnailUrl":"http:\/\/www.sonatlibrothers.com\/wp-content\/uploads\/2024\/07\/karm.jpg","datePublished":"2024-07-29T09:33:47+00:00","dateModified":"2024-07-29T09:34:31+00:00","description":"Kataloglar - Sonatl\u0131 Brothers","breadcrumb":{"@id":"https:\/\/www.sonatlibrothers.com\/kataloglar\/#breadcrumb"},"inLanguage":"en-US","potentialAction":[{"@type":"ReadAction","target":["https:\/\/www.sonatlibrothers.com\/kataloglar\/"]}]},{"@type":"ImageObject","inLanguage":"en-US","@id":"https:\/\/www.sonatlibrothers.com\/kataloglar\/#primaryimage","url":"http:\/\/www.sonatlibrothers.com\/wp-content\/uploads\/2024\/07\/karm.jpg","contentUrl":"http:\/\/www.sonatlibrothers.com\/wp-content\/uploads\/2024\/07\/karm.jpg"},{"@type":"BreadcrumbList","@id":"https:\/\/www.sonatlibrothers.com\/kataloglar\/#breadcrumb","itemListElement":[{"@type":"ListItem","position":1,"name":"Anasayfa","item":"https:\/\/www.sonatlibrothers.com\/"},{"@type":"ListItem","position":2,"name":"Kataloglar"}]},{"@type":"WebSite","@id":"https:\/\/www.sonatlibrothers.com\/#website","url":"https:\/\/www.sonatlibrothers.com\/","name":"Sonatl\u0131 Brothers - K\u0131br\u0131s","description":"Sonatl\u0131 Brothers - K\u0131br\u0131s","publisher":{"@id":"https:\/\/www.sonatlibrothers.com\/#organization"},"potentialAction":[{"@type":"SearchAction","target":{"@type":"EntryPoint","urlTemplate":"https:\/\/www.sonatlibrothers.com\/?s={search_term_string}"},"query-input":{"@type":"PropertyValueSpecification","valueRequired":true,"valueName":"search_term_string"}}],"inLanguage":"en-US"},{"@type":"Organization","@id":"https:\/\/www.sonatlibrothers.com\/#organization","name":"Sonatl\u0131 Brothers","url":"https:\/\/www.sonatlibrothers.com\/","logo":{"@type":"ImageObject","inLanguage":"en-US","@id":"https:\/\/www.sonatlibrothers.com\/#\/schema\/logo\/image\/","url":"https:\/\/www.sonatlibrothers.com\/wp-content\/uploads\/2024\/03\/Sonatli-Brothers_Logo-1-1.png","contentUrl":"https:\/\/www.sonatlibrothers.com\/wp-content\/uploads\/2024\/03\/Sonatli-Brothers_Logo-1-1.png","width":600,"height":351,"caption":"Sonatl\u0131 Brothers"},"image":{"@id":"https:\/\/www.sonatlibrothers.com\/#\/schema\/logo\/image\/"}}]}},"_links":{"self":[{"href":"https:\/\/www.sonatlibrothers.com\/en\/wp-json\/wp\/v2\/pages\/6298","targetHints":{"allow":["GET"]}}],"collection":[{"href":"https:\/\/www.sonatlibrothers.com\/en\/wp-json\/wp\/v2\/pages"}],"about":[{"href":"https:\/\/www.sonatlibrothers.com\/en\/wp-json\/wp\/v2\/types\/page"}],"author":[{"embeddable":true,"href":"https:\/\/www.sonatlibrothers.com\/en\/wp-json\/wp\/v2\/users\/1"}],"replies":[{"embeddable":true,"href":"https:\/\/www.sonatlibrothers.com\/en\/wp-json\/wp\/v2\/comments?post=6298"}],"version-history":[{"count":4,"href":"https:\/\/www.sonatlibrothers.com\/en\/wp-json\/wp\/v2\/pages\/6298\/revisions"}],"predecessor-version":[{"id":6305,"href":"https:\/\/www.sonatlibrothers.com\/en\/wp-json\/wp\/v2\/pages\/6298\/revisions\/6305"}],"wp:attachment":[{"href":"https:\/\/www.sonatlibrothers.com\/en\/wp-json\/wp\/v2\/media?parent=6298"}],"curies":[{"name":"wp","href":"https:\/\/api.w.org\/{rel}","templated":true}]}}