{"id":66,"date":"2023-03-09T02:28:51","date_gmt":"2023-03-09T02:28:51","guid":{"rendered":"https:\/\/demoapus1.com\/nerf\/?page_id=66"},"modified":"2024-06-24T14:29:56","modified_gmt":"2024-06-24T14:29:56","slug":"hakkimizda","status":"publish","type":"page","link":"https:\/\/www.sonatlibrothers.com\/en\/hakkimizda\/","title":{"rendered":"ABOUT US"},"content":{"rendered":"<div data-elementor-type=\"wp-page\" data-elementor-id=\"66\" class=\"elementor elementor-66\">\n\t\t\t\t\t\t<section class=\"elementor-section elementor-top-section elementor-element elementor-element-2025def elementor-section-stretched elementor-section-content-middle elementor-section-boxed elementor-section-height-default elementor-section-height-default\" data-id=\"2025def\" data-element_type=\"section\" data-settings=\"{&quot;stretch_section&quot;:&quot;section-stretched&quot;}\">\n\t\t\t\t\t\t<div class=\"elementor-container elementor-column-gap-extended\">\n\t\t\t\t\t<div class=\"elementor-column elementor-col-50 elementor-top-column elementor-element elementor-element-b7f50be\" data-id=\"b7f50be\" data-element_type=\"column\">\n\t\t\t<div class=\"elementor-widget-wrap elementor-element-populated\">\n\t\t\t\t\t\t<div class=\"elementor-element elementor-element-1b1319f elementor-invisible elementor-widget elementor-widget-apus_element_popup_video\" data-id=\"1b1319f\" data-element_type=\"widget\" data-settings=\"{&quot;_animation&quot;:&quot;scale&quot;}\" data-widget_type=\"apus_element_popup_video.default\">\n\t\t\t\t<div class=\"elementor-widget-container\">\n\t\t\t        <div class=\"widget-video\">\n            <div class=\"video-wrapper-inner  has-img\">\n                                    <div class=\"banner-image\">\n                        <div class=\"image-wrapper\"><img fetchpriority=\"high\" decoding=\"async\" width=\"610\" height=\"610\" src=\"https:\/\/www.sonatlibrothers.com\/wp-content\/uploads\/2024\/03\/bg-video.jpg\" class=\"attachment-full size-full\" alt=\"\" srcset=\"https:\/\/www.sonatlibrothers.com\/wp-content\/uploads\/2024\/03\/bg-video.jpg 610w, https:\/\/www.sonatlibrothers.com\/wp-content\/uploads\/2024\/03\/bg-video-300x300.jpg 300w, https:\/\/www.sonatlibrothers.com\/wp-content\/uploads\/2024\/03\/bg-video-150x150.jpg 150w\" sizes=\"(max-width: 610px) 100vw, 610px\" \/><\/div>                    <\/div>\n                                <a class=\"popup-video d-inline-flex align-items-center justify-content-center\" href=\"https:\/\/www.youtube.com\/watch?v=hyfON61ebko\">\n                    <i class=\"flaticon-play\"><\/i>\n                <\/a>\n            <\/div>\n        <\/div>\n        \t\t<\/div>\n\t\t\t\t<\/div>\n\t\t\t\t\t<\/div>\n\t\t<\/div>\n\t\t\t\t<div class=\"elementor-column elementor-col-50 elementor-top-column elementor-element elementor-element-72424f6\" data-id=\"72424f6\" data-element_type=\"column\">\n\t\t\t<div class=\"elementor-widget-wrap elementor-element-populated\">\n\t\t\t\t\t\t<div class=\"elementor-element elementor-element-42ab0f5 elementor-invisible elementor-widget elementor-widget-heading\" data-id=\"42ab0f5\" data-element_type=\"widget\" data-settings=\"{&quot;_animation&quot;:&quot;slide-up&quot;}\" data-widget_type=\"heading.default\">\n\t\t\t\t<div class=\"elementor-widget-container\">\n\t\t\t<h2 class=\"elementor-heading-title elementor-size-default\">CONSTRUCTION AND REAL ESTATE<\/h2>\t\t<\/div>\n\t\t\t\t<\/div>\n\t\t\t\t<div class=\"elementor-element elementor-element-9dad4fb elementor-invisible elementor-widget elementor-widget-text-editor\" data-id=\"9dad4fb\" data-element_type=\"widget\" data-settings=\"{&quot;_animation&quot;:&quot;slide-up&quot;,&quot;_animation_delay&quot;:200}\" data-widget_type=\"text-editor.default\">\n\t\t\t\t<div class=\"elementor-widget-container\">\n\t\t\t\t\t\t\t<p>The areas of activity for Sonatl\u0131 Brothers Investment include reinforced concrete and steel superstructure constructions, as well as infrastructure and parcelization projects. Sonatl\u0131 Brothers Investment aims to ensure customer satisfaction by implementing projects with an approach that maximizes benefits at optimal costs. Another company operating in the real estate sector is Blue Brokers.<\/p>\t\t\t\t\t\t<\/div>\n\t\t\t\t<\/div>\n\t\t\t\t<div class=\"elementor-element elementor-element-b2dcefd elementor-invisible elementor-widget elementor-widget-text-editor\" data-id=\"b2dcefd\" data-element_type=\"widget\" data-settings=\"{&quot;_animation&quot;:&quot;slide-up&quot;,&quot;_animation_delay&quot;:300}\" data-widget_type=\"text-editor.default\">\n\t\t\t\t<div class=\"elementor-widget-container\">\n\t\t\t\t\t\t\t<p>The real estate potential in Northern Cyprus has always existed, and Blue Brokers &amp; Sonatl\u0131 Brothers Investment Construction Company was established to explore this potential, seek out opportunities, and match these opportunities with the right financing and investment.<\/p>\t\t\t\t\t\t<\/div>\n\t\t\t\t<\/div>\n\t\t\t\t\t<\/div>\n\t\t<\/div>\n\t\t\t\t\t<\/div>\n\t\t<\/section>\n\t\t\t\t<section class=\"elementor-section elementor-top-section elementor-element elementor-element-334bb4a elementor-section-stretched elementor-section-content-middle elementor-section-boxed elementor-section-height-default elementor-section-height-default\" data-id=\"334bb4a\" data-element_type=\"section\" data-settings=\"{&quot;stretch_section&quot;:&quot;section-stretched&quot;}\">\n\t\t\t\t\t\t<div class=\"elementor-container elementor-column-gap-extended\">\n\t\t\t\t\t<div class=\"elementor-column elementor-col-50 elementor-top-column elementor-element elementor-element-3a29e86\" data-id=\"3a29e86\" data-element_type=\"column\">\n\t\t\t<div class=\"elementor-widget-wrap elementor-element-populated\">\n\t\t\t\t\t\t<div class=\"elementor-element elementor-element-2639afa elementor-invisible elementor-widget elementor-widget-heading\" data-id=\"2639afa\" data-element_type=\"widget\" data-settings=\"{&quot;_animation&quot;:&quot;slide-up&quot;}\" data-widget_type=\"heading.default\">\n\t\t\t\t<div class=\"elementor-widget-container\">\n\t\t\t<h2 class=\"elementor-heading-title elementor-size-default\">OUR MISSION<\/h2>\t\t<\/div>\n\t\t\t\t<\/div>\n\t\t\t\t<div class=\"elementor-element elementor-element-5e89568 elementor-invisible elementor-widget elementor-widget-text-editor\" data-id=\"5e89568\" data-element_type=\"widget\" data-settings=\"{&quot;_animation&quot;:&quot;slide-up&quot;,&quot;_animation_delay&quot;:200}\" data-widget_type=\"text-editor.default\">\n\t\t\t\t<div class=\"elementor-widget-container\">\n\t\t\t\t\t\t\tWe believe that construction services, a fundamental component of civilization, can be provided more reliably, with higher quality, and more economically. As Sonatl\u0131 Brothers Investment, we exist to realize this belief.\t\t\t\t\t\t<\/div>\n\t\t\t\t<\/div>\n\t\t\t\t<div class=\"elementor-element elementor-element-c8b49b4 elementor-invisible elementor-widget elementor-widget-heading\" data-id=\"c8b49b4\" data-element_type=\"widget\" data-settings=\"{&quot;_animation&quot;:&quot;slide-up&quot;}\" data-widget_type=\"heading.default\">\n\t\t\t\t<div class=\"elementor-widget-container\">\n\t\t\t<h2 class=\"elementor-heading-title elementor-size-default\">OUR VISION<\/h2>\t\t<\/div>\n\t\t\t\t<\/div>\n\t\t\t\t<div class=\"elementor-element elementor-element-09adb4e elementor-invisible elementor-widget elementor-widget-text-editor\" data-id=\"09adb4e\" data-element_type=\"widget\" data-settings=\"{&quot;_animation&quot;:&quot;slide-up&quot;,&quot;_animation_delay&quot;:300}\" data-widget_type=\"text-editor.default\">\n\t\t\t\t<div class=\"elementor-widget-container\">\n\t\t\t\t\t\t\t<p>Sonatl\u0131 Brothers Investment is an engineering-based construction company that has combined 12 years of domestic and international construction and trade experience with a young, strong, and dynamic team, committed to completing projects ahead of schedule. Our areas of activity include reinforced concrete and steel superstructure constructions, as well as infrastructure and parcelization projects. Sonatl\u0131 Brothers Investment aims to ensure customer satisfaction by implementing projects with an approach that maximizes benefits at optimal costs.<\/p>\t\t\t\t\t\t<\/div>\n\t\t\t\t<\/div>\n\t\t\t\t\t<\/div>\n\t\t<\/div>\n\t\t\t\t<div class=\"elementor-column elementor-col-50 elementor-top-column elementor-element elementor-element-c655cb4\" data-id=\"c655cb4\" data-element_type=\"column\">\n\t\t\t<div class=\"elementor-widget-wrap elementor-element-populated\">\n\t\t\t\t\t\t<div class=\"elementor-element elementor-element-ce17227 elementor-invisible elementor-widget elementor-widget-apus_element_popup_video\" data-id=\"ce17227\" data-element_type=\"widget\" data-settings=\"{&quot;_animation&quot;:&quot;scale&quot;}\" data-widget_type=\"apus_element_popup_video.default\">\n\t\t\t\t<div class=\"elementor-widget-container\">\n\t\t\t        <div class=\"widget-video\">\n            <div class=\"video-wrapper-inner  has-img\">\n                                    <div class=\"banner-image\">\n                        <div class=\"image-wrapper\"><img decoding=\"async\" width=\"610\" height=\"610\" src=\"https:\/\/www.sonatlibrothers.com\/wp-content\/uploads\/2024\/03\/bg-vide2o.jpg\" class=\"attachment-full size-full\" alt=\"\" srcset=\"https:\/\/www.sonatlibrothers.com\/wp-content\/uploads\/2024\/03\/bg-vide2o.jpg 610w, https:\/\/www.sonatlibrothers.com\/wp-content\/uploads\/2024\/03\/bg-vide2o-300x300.jpg 300w, https:\/\/www.sonatlibrothers.com\/wp-content\/uploads\/2024\/03\/bg-vide2o-150x150.jpg 150w\" sizes=\"(max-width: 610px) 100vw, 610px\" \/><\/div>                    <\/div>\n                                <a class=\"popup-video d-inline-flex align-items-center justify-content-center\" href=\"https:\/\/www.youtube.com\/watch?v=fgp1bduYR5E\">\n                    <i class=\"flaticon-play\"><\/i>\n                <\/a>\n            <\/div>\n        <\/div>\n        \t\t<\/div>\n\t\t\t\t<\/div>\n\t\t\t\t\t<\/div>\n\t\t<\/div>\n\t\t\t\t\t<\/div>\n\t\t<\/section>\n\t\t\t\t<\/div>","protected":false},"excerpt":{"rendered":"<p>\u0130n\u015faat ve Gayrimenkul Sonatl\u0131 Brothers Investment firmas\u0131n\u0131n faaliyet alanlar\u0131; betonarme ve \u00e7elik \u00fcstyap\u0131 in\u015faatlar\u0131 ile altyap\u0131, parselasyon projeleridir. Sonatl\u0131 Brothers Investment inand\u0131\u011f\u0131 projeyi hayata ge\u00e7irirken optimal maliyetle maksimum fayda anlay\u0131\u015f\u0131yla hareket ederek m\u00fc\u015fteri memnuniyetini garantilemeyi kendine hedef edinmi\u015ftir. Gayrimenkul alan\u0131nda faaliyet g\u00f6steren bir di\u011fer firmam\u0131z ise Blue Brokers firmas\u0131d\u0131r.Kuzey K\u0131br\u0131s\u2019da gayrimenkul potansiyeli hep var olmu\u015ftur [&hellip;]<\/p>","protected":false},"author":1,"featured_media":0,"parent":0,"menu_order":0,"comment_status":"closed","ping_status":"closed","template":"","meta":{"inline_featured_image":false,"_joinchat":[],"footnotes":""},"class_list":["post-66","page","type-page","status-publish","hentry"],"yoast_head":"<!-- This site is optimized with the Yoast SEO plugin v24.8.1 - https:\/\/yoast.com\/wordpress\/plugins\/seo\/ -->\n<title>Hakk\u0131m\u0131zda - Sonatl\u0131 Brothers<\/title>\n<meta name=\"description\" content=\"Hakk\u0131m\u0131zda - Sonatl\u0131 Brothers\" \/>\n<meta name=\"robots\" content=\"index, follow, max-snippet:-1, max-image-preview:large, max-video-preview:-1\" \/>\n<link rel=\"canonical\" href=\"https:\/\/www.sonatlibrothers.com\/en\/hakkimizda\/\" \/>\n<meta property=\"og:locale\" content=\"en_US\" \/>\n<meta property=\"og:type\" content=\"article\" \/>\n<meta property=\"og:title\" content=\"Hakk\u0131m\u0131zda - Sonatl\u0131 Brothers\" \/>\n<meta property=\"og:description\" content=\"Hakk\u0131m\u0131zda - Sonatl\u0131 Brothers\" \/>\n<meta property=\"og:url\" content=\"https:\/\/www.sonatlibrothers.com\/en\/hakkimizda\/\" \/>\n<meta property=\"og:site_name\" content=\"Sonatl\u0131 Brothers\" \/>\n<meta property=\"article:modified_time\" content=\"2024-06-24T14:29:56+00:00\" \/>\n<meta property=\"og:image\" content=\"http:\/\/www.sonatlibrothers.com\/wp-content\/uploads\/2024\/03\/bg-video.jpg\" \/>\n<meta name=\"twitter:card\" content=\"summary_large_image\" \/>\n<meta name=\"twitter:label1\" content=\"Est. reading time\" \/>\n\t<meta name=\"twitter:data1\" content=\"2 minutes\" \/>\n<script type=\"application\/ld+json\" class=\"yoast-schema-graph\">{\"@context\":\"https:\/\/schema.org\",\"@graph\":[{\"@type\":\"WebPage\",\"@id\":\"https:\/\/www.sonatlibrothers.com\/hakkimizda\/\",\"url\":\"https:\/\/www.sonatlibrothers.com\/hakkimizda\/\",\"name\":\"Hakk\u0131m\u0131zda - Sonatl\u0131 Brothers\",\"isPartOf\":{\"@id\":\"https:\/\/www.sonatlibrothers.com\/#website\"},\"primaryImageOfPage\":{\"@id\":\"https:\/\/www.sonatlibrothers.com\/hakkimizda\/#primaryimage\"},\"image\":{\"@id\":\"https:\/\/www.sonatlibrothers.com\/hakkimizda\/#primaryimage\"},\"thumbnailUrl\":\"http:\/\/www.sonatlibrothers.com\/wp-content\/uploads\/2024\/03\/bg-video.jpg\",\"datePublished\":\"2023-03-09T02:28:51+00:00\",\"dateModified\":\"2024-06-24T14:29:56+00:00\",\"description\":\"Hakk\u0131m\u0131zda - Sonatl\u0131 Brothers\",\"breadcrumb\":{\"@id\":\"https:\/\/www.sonatlibrothers.com\/hakkimizda\/#breadcrumb\"},\"inLanguage\":\"en-US\",\"potentialAction\":[{\"@type\":\"ReadAction\",\"target\":[\"https:\/\/www.sonatlibrothers.com\/hakkimizda\/\"]}]},{\"@type\":\"ImageObject\",\"inLanguage\":\"en-US\",\"@id\":\"https:\/\/www.sonatlibrothers.com\/hakkimizda\/#primaryimage\",\"url\":\"http:\/\/www.sonatlibrothers.com\/wp-content\/uploads\/2024\/03\/bg-video.jpg\",\"contentUrl\":\"http:\/\/www.sonatlibrothers.com\/wp-content\/uploads\/2024\/03\/bg-video.jpg\"},{\"@type\":\"BreadcrumbList\",\"@id\":\"https:\/\/www.sonatlibrothers.com\/hakkimizda\/#breadcrumb\",\"itemListElement\":[{\"@type\":\"ListItem\",\"position\":1,\"name\":\"Anasayfa\",\"item\":\"https:\/\/www.sonatlibrothers.com\/\"},{\"@type\":\"ListItem\",\"position\":2,\"name\":\"Hakk\u0131m\u0131zda\"}]},{\"@type\":\"WebSite\",\"@id\":\"https:\/\/www.sonatlibrothers.com\/#website\",\"url\":\"https:\/\/www.sonatlibrothers.com\/\",\"name\":\"Sonatl\u0131 Brothers - K\u0131br\u0131s\",\"description\":\"Sonatl\u0131 Brothers - K\u0131br\u0131s\",\"publisher\":{\"@id\":\"https:\/\/www.sonatlibrothers.com\/#organization\"},\"potentialAction\":[{\"@type\":\"SearchAction\",\"target\":{\"@type\":\"EntryPoint\",\"urlTemplate\":\"https:\/\/www.sonatlibrothers.com\/?s={search_term_string}\"},\"query-input\":{\"@type\":\"PropertyValueSpecification\",\"valueRequired\":true,\"valueName\":\"search_term_string\"}}],\"inLanguage\":\"en-US\"},{\"@type\":\"Organization\",\"@id\":\"https:\/\/www.sonatlibrothers.com\/#organization\",\"name\":\"Sonatl\u0131 Brothers\",\"url\":\"https:\/\/www.sonatlibrothers.com\/\",\"logo\":{\"@type\":\"ImageObject\",\"inLanguage\":\"en-US\",\"@id\":\"https:\/\/www.sonatlibrothers.com\/#\/schema\/logo\/image\/\",\"url\":\"https:\/\/www.sonatlibrothers.com\/wp-content\/uploads\/2024\/03\/Sonatli-Brothers_Logo-1-1.png\",\"contentUrl\":\"https:\/\/www.sonatlibrothers.com\/wp-content\/uploads\/2024\/03\/Sonatli-Brothers_Logo-1-1.png\",\"width\":600,\"height\":351,\"caption\":\"Sonatl\u0131 Brothers\"},\"image\":{\"@id\":\"https:\/\/www.sonatlibrothers.com\/#\/schema\/logo\/image\/\"}}]}<\/script>\n<!-- \/ Yoast SEO plugin. -->","yoast_head_json":{"title":"Hakk\u0131m\u0131zda - Sonatl\u0131 Brothers","description":"Hakk\u0131m\u0131zda - Sonatl\u0131 Brothers","robots":{"index":"index","follow":"follow","max-snippet":"max-snippet:-1","max-image-preview":"max-image-preview:large","max-video-preview":"max-video-preview:-1"},"canonical":"https:\/\/www.sonatlibrothers.com\/en\/hakkimizda\/","og_locale":"en_US","og_type":"article","og_title":"Hakk\u0131m\u0131zda - Sonatl\u0131 Brothers","og_description":"Hakk\u0131m\u0131zda - Sonatl\u0131 Brothers","og_url":"https:\/\/www.sonatlibrothers.com\/en\/hakkimizda\/","og_site_name":"Sonatl\u0131 Brothers","article_modified_time":"2024-06-24T14:29:56+00:00","og_image":[{"url":"http:\/\/www.sonatlibrothers.com\/wp-content\/uploads\/2024\/03\/bg-video.jpg","type":"","width":"","height":""}],"twitter_card":"summary_large_image","twitter_misc":{"Est. reading time":"2 minutes"},"schema":{"@context":"https:\/\/schema.org","@graph":[{"@type":"WebPage","@id":"https:\/\/www.sonatlibrothers.com\/hakkimizda\/","url":"https:\/\/www.sonatlibrothers.com\/hakkimizda\/","name":"Hakk\u0131m\u0131zda - Sonatl\u0131 Brothers","isPartOf":{"@id":"https:\/\/www.sonatlibrothers.com\/#website"},"primaryImageOfPage":{"@id":"https:\/\/www.sonatlibrothers.com\/hakkimizda\/#primaryimage"},"image":{"@id":"https:\/\/www.sonatlibrothers.com\/hakkimizda\/#primaryimage"},"thumbnailUrl":"http:\/\/www.sonatlibrothers.com\/wp-content\/uploads\/2024\/03\/bg-video.jpg","datePublished":"2023-03-09T02:28:51+00:00","dateModified":"2024-06-24T14:29:56+00:00","description":"Hakk\u0131m\u0131zda - Sonatl\u0131 Brothers","breadcrumb":{"@id":"https:\/\/www.sonatlibrothers.com\/hakkimizda\/#breadcrumb"},"inLanguage":"en-US","potentialAction":[{"@type":"ReadAction","target":["https:\/\/www.sonatlibrothers.com\/hakkimizda\/"]}]},{"@type":"ImageObject","inLanguage":"en-US","@id":"https:\/\/www.sonatlibrothers.com\/hakkimizda\/#primaryimage","url":"http:\/\/www.sonatlibrothers.com\/wp-content\/uploads\/2024\/03\/bg-video.jpg","contentUrl":"http:\/\/www.sonatlibrothers.com\/wp-content\/uploads\/2024\/03\/bg-video.jpg"},{"@type":"BreadcrumbList","@id":"https:\/\/www.sonatlibrothers.com\/hakkimizda\/#breadcrumb","itemListElement":[{"@type":"ListItem","position":1,"name":"Anasayfa","item":"https:\/\/www.sonatlibrothers.com\/"},{"@type":"ListItem","position":2,"name":"Hakk\u0131m\u0131zda"}]},{"@type":"WebSite","@id":"https:\/\/www.sonatlibrothers.com\/#website","url":"https:\/\/www.sonatlibrothers.com\/","name":"Sonatl\u0131 Brothers - K\u0131br\u0131s","description":"Sonatl\u0131 Brothers - K\u0131br\u0131s","publisher":{"@id":"https:\/\/www.sonatlibrothers.com\/#organization"},"potentialAction":[{"@type":"SearchAction","target":{"@type":"EntryPoint","urlTemplate":"https:\/\/www.sonatlibrothers.com\/?s={search_term_string}"},"query-input":{"@type":"PropertyValueSpecification","valueRequired":true,"valueName":"search_term_string"}}],"inLanguage":"en-US"},{"@type":"Organization","@id":"https:\/\/www.sonatlibrothers.com\/#organization","name":"Sonatl\u0131 Brothers","url":"https:\/\/www.sonatlibrothers.com\/","logo":{"@type":"ImageObject","inLanguage":"en-US","@id":"https:\/\/www.sonatlibrothers.com\/#\/schema\/logo\/image\/","url":"https:\/\/www.sonatlibrothers.com\/wp-content\/uploads\/2024\/03\/Sonatli-Brothers_Logo-1-1.png","contentUrl":"https:\/\/www.sonatlibrothers.com\/wp-content\/uploads\/2024\/03\/Sonatli-Brothers_Logo-1-1.png","width":600,"height":351,"caption":"Sonatl\u0131 Brothers"},"image":{"@id":"https:\/\/www.sonatlibrothers.com\/#\/schema\/logo\/image\/"}}]}},"_links":{"self":[{"href":"https:\/\/www.sonatlibrothers.com\/en\/wp-json\/wp\/v2\/pages\/66","targetHints":{"allow":["GET"]}}],"collection":[{"href":"https:\/\/www.sonatlibrothers.com\/en\/wp-json\/wp\/v2\/pages"}],"about":[{"href":"https:\/\/www.sonatlibrothers.com\/en\/wp-json\/wp\/v2\/types\/page"}],"author":[{"embeddable":true,"href":"https:\/\/www.sonatlibrothers.com\/en\/wp-json\/wp\/v2\/users\/1"}],"replies":[{"embeddable":true,"href":"https:\/\/www.sonatlibrothers.com\/en\/wp-json\/wp\/v2\/comments?post=66"}],"version-history":[{"count":47,"href":"https:\/\/www.sonatlibrothers.com\/en\/wp-json\/wp\/v2\/pages\/66\/revisions"}],"predecessor-version":[{"id":5629,"href":"https:\/\/www.sonatlibrothers.com\/en\/wp-json\/wp\/v2\/pages\/66\/revisions\/5629"}],"wp:attachment":[{"href":"https:\/\/www.sonatlibrothers.com\/en\/wp-json\/wp\/v2\/media?parent=66"}],"curies":[{"name":"wp","href":"https:\/\/api.w.org\/{rel}","templated":true}]}}